{"id":12511,"date":"2025-10-30T17:11:15","date_gmt":"2025-10-30T16:11:15","guid":{"rendered":"http:\/\/ziryab.es\/the-deaf-at-ziryab\/"},"modified":"2026-01-15T17:21:03","modified_gmt":"2026-01-15T16:21:03","slug":"the-deaf-at-ziryab","status":"publish","type":"page","link":"https:\/\/ziryab.es\/en\/the-deaf-at-ziryab\/","title":{"rendered":"The deaf at Ziryab"},"content":{"rendered":"\t\t<div data-elementor-type=\"wp-page\" data-elementor-id=\"12511\" class=\"elementor elementor-12511 elementor-801\" data-elementor-post-type=\"page\">\n\t\t\t\t<div class=\"elementor-element elementor-element-c6cc462 e-con-full e-flex e-con e-parent\" data-id=\"c6cc462\" data-element_type=\"container\" data-e-type=\"container\">\n\t\t\t\t<div class=\"elementor-element elementor-element-adb2db6 elementor-widget elementor-widget-n-carousel\" data-id=\"adb2db6\" data-element_type=\"widget\" data-e-type=\"widget\" data-settings=\"{&quot;carousel_items&quot;:[{&quot;slide_title&quot;:&quot;Diapositiva n\\u00ba 1&quot;,&quot;_id&quot;:&quot;1283f35&quot;}],&quot;slides_to_show&quot;:&quot;1&quot;,&quot;slides_to_scroll&quot;:&quot;1&quot;,&quot;autoplay_speed&quot;:20000,&quot;image_spacing_custom&quot;:{&quot;unit&quot;:&quot;px&quot;,&quot;size&quot;:0,&quot;sizes&quot;:[]},&quot;slides_to_show_tablet&quot;:&quot;1&quot;,&quot;slides_to_show_mobile&quot;:&quot;1&quot;,&quot;autoplay&quot;:&quot;yes&quot;,&quot;pause_on_hover&quot;:&quot;yes&quot;,&quot;pause_on_interaction&quot;:&quot;yes&quot;,&quot;infinite&quot;:&quot;yes&quot;,&quot;speed&quot;:500,&quot;offset_sides&quot;:&quot;none&quot;,&quot;image_spacing_custom_widescreen&quot;:{&quot;unit&quot;:&quot;px&quot;,&quot;size&quot;:&quot;&quot;,&quot;sizes&quot;:[]},&quot;image_spacing_custom_laptop&quot;:{&quot;unit&quot;:&quot;px&quot;,&quot;size&quot;:&quot;&quot;,&quot;sizes&quot;:[]},&quot;image_spacing_custom_tablet&quot;:{&quot;unit&quot;:&quot;px&quot;,&quot;size&quot;:&quot;&quot;,&quot;sizes&quot;:[]},&quot;image_spacing_custom_mobile&quot;:{&quot;unit&quot;:&quot;px&quot;,&quot;size&quot;:&quot;&quot;,&quot;sizes&quot;:[]}}\" data-widget_type=\"nested-carousel.default\">\n\t\t\t\t\t\t\t<div class=\"e-n-carousel swiper\" role=\"region\" aria-roledescription=\"carousel\" aria-label=\"Carrusel\" dir=\"ltr\">\n\t\t\t<div class=\"swiper-wrapper\" aria-live=\"off\">\n\t\t\t\t\t\t\t\t\t\t<div class=\"swiper-slide\" data-slide=\"1\" role=\"group\" aria-roledescription=\"slide\" aria-label=\"1 of 1\">\n\t\t\t\t\t\t\t<div class=\"elementor-element elementor-element-ddf3076 e-con-full e-flex e-con e-child\" data-id=\"ddf3076\" data-element_type=\"container\" data-e-type=\"container\" data-settings=\"{&quot;background_background&quot;:&quot;classic&quot;}\">\n\t\t<div class=\"elementor-element elementor-element-35d0fc5 e-con-full e-flex e-con e-child\" data-id=\"35d0fc5\" data-element_type=\"container\" data-e-type=\"container\" data-settings=\"{&quot;background_background&quot;:&quot;classic&quot;}\">\n\t\t<div class=\"elementor-element elementor-element-872da31 e-flex e-con-boxed e-con e-child\" data-id=\"872da31\" data-element_type=\"container\" data-e-type=\"container\">\n\t\t\t\t\t<div class=\"e-con-inner\">\n\t\t\t\t<div class=\"elementor-element elementor-element-1071f1b elementor-widget elementor-widget-heading\" data-id=\"1071f1b\" data-element_type=\"widget\" data-e-type=\"widget\" data-widget_type=\"heading.default\">\n\t\t\t\t\t<h2 class=\"elementor-heading-title elementor-size-default\">Ziryab<\/h2>\t\t\t\t<\/div>\n\t\t\t\t<div class=\"elementor-element elementor-element-e41e12c elementor-widget elementor-widget-heading\" data-id=\"e41e12c\" data-element_type=\"widget\" data-e-type=\"widget\" data-widget_type=\"heading.default\">\n\t\t\t\t\t<h2 class=\"elementor-heading-title elementor-size-default\">The deaf at Ziryab <\/h2>\t\t\t\t<\/div>\n\t\t\t\t<div class=\"elementor-element elementor-element-c51c96b elementor-widget__width-initial elementor-widget elementor-widget-text-editor\" data-id=\"c51c96b\" data-element_type=\"widget\" data-e-type=\"widget\" data-widget_type=\"text-editor.default\">\n\t\t\t\t\t\t\t\t\t<p>The presence of a high number of deaf staff at Ziryab and this level of inclusion in the workplace make it quite unique among restaurants worldwide.<\/p>\t\t\t\t\t\t\t\t<\/div>\n\t\t\t\t\t<\/div>\n\t\t\t\t<\/div>\n\t\t\t\t<\/div>\n\t\t\t\t<\/div>\n\t\t\t\t\t\t\t\t<\/div>\n\t\t\t\t\t\t\t\t<\/div>\n\t\t<\/div>\n\t\t\t\t\t\t<\/div>\n\t\t\t\t<\/div>\n\t\t<div class=\"elementor-element elementor-element-4acf974 e-flex e-con-boxed e-con e-parent\" data-id=\"4acf974\" data-element_type=\"container\" data-e-type=\"container\">\n\t\t\t\t\t<div class=\"e-con-inner\">\n\t\t<div class=\"elementor-element elementor-element-b5a3dd4 e-con-full e-flex e-con e-child\" data-id=\"b5a3dd4\" data-element_type=\"container\" data-e-type=\"container\">\n\t\t\t\t<div class=\"elementor-element elementor-element-81b035d elementor-widget-mobile__width-inherit elementor-widget elementor-widget-heading\" data-id=\"81b035d\" data-element_type=\"widget\" data-e-type=\"widget\" data-settings=\"{&quot;motion_fx_motion_fx_scrolling&quot;:&quot;yes&quot;,&quot;motion_fx_translateY_effect&quot;:&quot;yes&quot;,&quot;motion_fx_translateY_affectedRange&quot;:{&quot;unit&quot;:&quot;%&quot;,&quot;size&quot;:&quot;&quot;,&quot;sizes&quot;:{&quot;start&quot;:0,&quot;end&quot;:50}},&quot;motion_fx_devices&quot;:[&quot;widescreen&quot;,&quot;desktop&quot;,&quot;laptop&quot;],&quot;motion_fx_translateY_speed&quot;:{&quot;unit&quot;:&quot;px&quot;,&quot;size&quot;:4,&quot;sizes&quot;:[]}}\" data-widget_type=\"heading.default\">\n\t\t\t\t\t<h2 class=\"elementor-heading-title elementor-size-default\">\nIs it true that there are many deaf people working at Ziryab?<\/h2>\t\t\t\t<\/div>\n\t\t\t\t<\/div>\n\t\t<div class=\"elementor-element elementor-element-d465730 e-con-full e-flex e-con e-child\" data-id=\"d465730\" data-element_type=\"container\" data-e-type=\"container\" id=\"tapas\">\n\t\t<div class=\"elementor-element elementor-element-f0d0aa7 e-grid e-con-full e-con e-child\" data-id=\"f0d0aa7\" data-element_type=\"container\" data-e-type=\"container\">\n\t\t<div class=\"elementor-element elementor-element-0e57884 e-con-full e-flex e-con e-child\" data-id=\"0e57884\" data-element_type=\"container\" data-e-type=\"container\" data-settings=\"{&quot;background_background&quot;:&quot;classic&quot;}\">\n\t\t\t\t<div class=\"elementor-element elementor-element-aedd68b elementor-widget__width-initial elementor-widget elementor-widget-text-editor\" data-id=\"aedd68b\" data-element_type=\"widget\" data-e-type=\"widget\" data-widget_type=\"text-editor.default\">\n\t\t\t\t\t\t\t\t\t<p><strong>Yes! It is absolutely true.<\/strong> In fact, we believe that it is part of Ziryab&#8217;s charm, as there are very few places in the world with this particularity. Companies who value diversity and inclusion and actively invest in it&#8230; places that offer people a service in their own language, these is very rare still. Here, you can practice your sign language, or ask the waiters how to say &#8220;thank you&#8221;, &#8220;this is very good&#8221; or &#8220;this place is definitely fabulous&#8230;&#8221; in signs!<\/p>\t\t\t\t\t\t\t\t<\/div>\n\t\t\t\t<\/div>\n\t\t<div class=\"elementor-element elementor-element-9df6108 e-con-full e-flex e-con e-child\" data-id=\"9df6108\" data-element_type=\"container\" data-e-type=\"container\" data-settings=\"{&quot;background_background&quot;:&quot;classic&quot;}\">\n\t\t\t\t<div class=\"elementor-element elementor-element-5b5ce9e elementor-widget__width-initial elementor-widget elementor-widget-text-editor\" data-id=\"5b5ce9e\" data-element_type=\"widget\" data-e-type=\"widget\" data-widget_type=\"text-editor.default\">\n\t\t\t\t\t\t\t\t\t<p><strong>Our team is multiculturally diverse too!<\/strong> We have deaf colleagues from Catalonia but we also frequently have deaf people from other countries who come to do internships with us at Ziryab. These staff members usually understand any language, which helps if you want to write something on a paper or on your mobile to communicate something specific with them!<\/p>\t\t\t\t\t\t\t\t<\/div>\n\t\t\t\t<\/div>\n\t\t<div class=\"elementor-element elementor-element-ebf77d3 e-con-full e-flex e-con e-child\" data-id=\"ebf77d3\" data-element_type=\"container\" data-e-type=\"container\" data-settings=\"{&quot;background_background&quot;:&quot;classic&quot;}\">\n\t\t\t\t<div class=\"elementor-element elementor-element-1d7413c elementor-widget__width-initial elementor-widget elementor-widget-text-editor\" data-id=\"1d7413c\" data-element_type=\"widget\" data-e-type=\"widget\" data-widget_type=\"text-editor.default\">\n\t\t\t\t\t\t\t\t\t<p><strong>As one of the owners is deaf, having a strongly deaf-centred team is an important aspect for us.<\/strong> This allows us to give job opportunities to deaf people in the bar and restaurant sector, raise awareness of deafness and disability, teach sign language to our hearing staff and also to be able to offer a sign language service for deaf guests who visit us from Catalonia and all over the world. Our cocktail bar\/lounge is run only by deaf people!<\/p>\t\t\t\t\t\t\t\t<\/div>\n\t\t\t\t<\/div>\n\t\t\t\t<\/div>\n\t\t\t\t<\/div>\n\t\t<div class=\"elementor-element elementor-element-608637d e-con-full e-flex e-con e-child\" data-id=\"608637d\" data-element_type=\"container\" data-e-type=\"container\">\n\t\t<div class=\"elementor-element elementor-element-ecf5f1d e-grid e-con-full e-con e-child\" data-id=\"ecf5f1d\" data-element_type=\"container\" data-e-type=\"container\">\n\t\t<div class=\"elementor-element elementor-element-7e8e8c6 e-con-full e-flex e-con e-child\" data-id=\"7e8e8c6\" data-element_type=\"container\" data-e-type=\"container\" data-settings=\"{&quot;background_background&quot;:&quot;classic&quot;}\">\n\t\t\t\t<div class=\"elementor-element elementor-element-9d53b43 elementor-widget__width-initial elementor-widget elementor-widget-text-editor\" data-id=\"9d53b43\" data-element_type=\"widget\" data-e-type=\"widget\" data-widget_type=\"text-editor.default\">\n\t\t\t\t\t\t\t\t\tA video about Ziryab and sign language (subtitles in Spanish) \t\t\t\t\t\t\t\t<\/div>\n\t\t\t\t<div class=\"elementor-element elementor-element-6e0e390 elementor-widget elementor-widget-video\" data-id=\"6e0e390\" data-element_type=\"widget\" data-e-type=\"widget\" data-settings=\"{&quot;youtube_url&quot;:&quot;https:\\\/\\\/youtu.be\\\/d75CBZAwCjI?si=cFQZccfcg5i4ZqjV&quot;,&quot;video_type&quot;:&quot;youtube&quot;,&quot;controls&quot;:&quot;yes&quot;}\" data-widget_type=\"video.default\">\n\t\t\t\t\t\t\t<div class=\"elementor-wrapper elementor-open-inline\">\n\t\t\t<div class=\"elementor-video\"><\/div>\t\t<\/div>\n\t\t\t\t\t\t<\/div>\n\t\t\t\t<\/div>\n\t\t<div class=\"elementor-element elementor-element-76d2099 e-con-full e-flex e-con e-child\" data-id=\"76d2099\" data-element_type=\"container\" data-e-type=\"container\" data-settings=\"{&quot;background_background&quot;:&quot;classic&quot;}\">\n\t\t\t\t<div class=\"elementor-element elementor-element-9064979 elementor-widget__width-initial elementor-widget elementor-widget-text-editor\" data-id=\"9064979\" data-element_type=\"widget\" data-e-type=\"widget\" data-widget_type=\"text-editor.default\">\n\t\t\t\t\t\t\t\t\tThe Ziryab experience and accessibility from the perspective of an (inspirational!) deafblind guest\t\t\t\t\t\t\t\t<\/div>\n\t\t\t\t<div class=\"elementor-element elementor-element-71a40a2 elementor-widget elementor-widget-video\" data-id=\"71a40a2\" data-element_type=\"widget\" data-e-type=\"widget\" data-settings=\"{&quot;youtube_url&quot;:&quot;https:\\\/\\\/youtu.be\\\/McOmVZEqNrY&quot;,&quot;video_type&quot;:&quot;youtube&quot;,&quot;controls&quot;:&quot;yes&quot;}\" data-widget_type=\"video.default\">\n\t\t\t\t\t\t\t<div class=\"elementor-wrapper elementor-open-inline\">\n\t\t\t<div class=\"elementor-video\"><\/div>\t\t<\/div>\n\t\t\t\t\t\t<\/div>\n\t\t\t\t<\/div>\n\t\t\t\t<\/div>\n\t\t\t\t<\/div>\n\t\t\t\t\t<\/div>\n\t\t\t\t<\/div>\n\t\t<div class=\"elementor-element elementor-element-6b98b7a e-flex e-con-boxed e-con e-parent\" data-id=\"6b98b7a\" data-element_type=\"container\" data-e-type=\"container\">\n\t\t\t\t\t<div class=\"e-con-inner\">\n\t\t\t\t<div class=\"elementor-element elementor-element-23c56d9 elementor-widget elementor-widget-shortcode\" data-id=\"23c56d9\" data-element_type=\"widget\" data-e-type=\"widget\" data-widget_type=\"shortcode.default\">\n\t\t\t\t\t\t\t<div class=\"elementor-shortcode\">\t\t<div data-elementor-type=\"container\" data-elementor-id=\"12828\" class=\"elementor elementor-12828 elementor-1456 elementor-1456\" data-elementor-post-type=\"elementor_library\">\n\t\t\t\t<div class=\"elementor-element elementor-element-34fed586 e-flex e-con-boxed e-con e-parent\" data-id=\"34fed586\" data-element_type=\"container\" data-e-type=\"container\">\n\t\t\t\t\t<div class=\"e-con-inner\">\n\t\t<div class=\"elementor-element elementor-element-487095f e-con-full e-flex e-con e-child\" data-id=\"487095f\" data-element_type=\"container\" data-e-type=\"container\" data-settings=\"{&quot;background_background&quot;:&quot;classic&quot;}\">\n\t\t<div class=\"elementor-element elementor-element-758e6299 e-con-full e-flex e-con e-child\" data-id=\"758e6299\" data-element_type=\"container\" data-e-type=\"container\">\n\t\t<div class=\"elementor-element elementor-element-50cde359 e-con-full e-flex e-con e-child\" data-id=\"50cde359\" data-element_type=\"container\" data-e-type=\"container\">\n\t\t\t\t<div class=\"elementor-element elementor-element-5dcfc163 elementor-widget__width-initial elementor-widget elementor-widget-heading\" data-id=\"5dcfc163\" data-element_type=\"widget\" data-e-type=\"widget\" data-widget_type=\"heading.default\">\n\t\t\t\t\t<h2 class=\"elementor-heading-title elementor-size-default\">Fancy a special evening in El Born?<\/h2>\t\t\t\t<\/div>\n\t\t\t\t<div class=\"elementor-element elementor-element-27e3f75b elementor-widget__width-initial elementor-widget elementor-widget-text-editor\" data-id=\"27e3f75b\" data-element_type=\"widget\" data-e-type=\"widget\" data-widget_type=\"text-editor.default\">\n\t\t\t\t\t\t\t\t\tEnjoy a cuisine full of aromas, wines, and good company. Book a table at Ziryab and let yourself be amazed. \t\t\t\t\t\t\t\t<\/div>\n\t\t\t\t<\/div>\n\t\t<div class=\"elementor-element elementor-element-3387c30f e-con-full e-flex e-con e-child\" data-id=\"3387c30f\" data-element_type=\"container\" data-e-type=\"container\">\n\t\t\t\t<div class=\"elementor-element elementor-element-6f91193a reservar e-transform elementor-mobile-align-justify elementor-widget elementor-widget-button\" data-id=\"6f91193a\" data-element_type=\"widget\" data-e-type=\"widget\" data-settings=\"{&quot;_transform_translateX_effect_hover&quot;:{&quot;unit&quot;:&quot;px&quot;,&quot;size&quot;:5,&quot;sizes&quot;:[]},&quot;_transform_translateX_effect_hover_widescreen&quot;:{&quot;unit&quot;:&quot;px&quot;,&quot;size&quot;:&quot;&quot;,&quot;sizes&quot;:[]},&quot;_transform_translateX_effect_hover_laptop&quot;:{&quot;unit&quot;:&quot;px&quot;,&quot;size&quot;:&quot;&quot;,&quot;sizes&quot;:[]},&quot;_transform_translateX_effect_hover_tablet&quot;:{&quot;unit&quot;:&quot;px&quot;,&quot;size&quot;:&quot;&quot;,&quot;sizes&quot;:[]},&quot;_transform_translateX_effect_hover_mobile&quot;:{&quot;unit&quot;:&quot;px&quot;,&quot;size&quot;:&quot;&quot;,&quot;sizes&quot;:[]},&quot;_transform_translateY_effect_hover&quot;:{&quot;unit&quot;:&quot;px&quot;,&quot;size&quot;:&quot;&quot;,&quot;sizes&quot;:[]},&quot;_transform_translateY_effect_hover_widescreen&quot;:{&quot;unit&quot;:&quot;px&quot;,&quot;size&quot;:&quot;&quot;,&quot;sizes&quot;:[]},&quot;_transform_translateY_effect_hover_laptop&quot;:{&quot;unit&quot;:&quot;px&quot;,&quot;size&quot;:&quot;&quot;,&quot;sizes&quot;:[]},&quot;_transform_translateY_effect_hover_tablet&quot;:{&quot;unit&quot;:&quot;px&quot;,&quot;size&quot;:&quot;&quot;,&quot;sizes&quot;:[]},&quot;_transform_translateY_effect_hover_mobile&quot;:{&quot;unit&quot;:&quot;px&quot;,&quot;size&quot;:&quot;&quot;,&quot;sizes&quot;:[]}}\" data-widget_type=\"button.default\">\n\t\t\t\t\t\t\t\t\t\t<a class=\"elementor-button elementor-button-link elementor-size-sm\" href=\"https:\/\/ziryab.es\/en\/reserve\/\">\n\t\t\t\t\t\t<span class=\"elementor-button-content-wrapper\">\n\t\t\t\t\t\t<span class=\"elementor-button-icon\">\n\t\t\t\t<svg xmlns=\"http:\/\/www.w3.org\/2000\/svg\" height=\"24px\" viewBox=\"0 -960 960 960\" width=\"24px\" fill=\"#fff\"><path d=\"M224.62-120q-27.62 0-46.12-18.5Q160-157 160-184.62v-510.76q0-27.62 18.5-46.12Q197-760 224.62-760h70.76v-89.23h43.08V-760h286.16v-89.23h40V-760h70.76q27.62 0 46.12 18.5Q800-723 800-695.38v263.46l-40 40v-143.46H200v350.76q0 9.24 7.69 16.93 7.69 7.69 16.93 7.69h238l40.76 40H224.62ZM200-575.39h560v-119.99q0-9.24-7.69-16.93-7.69-7.69-16.93-7.69H224.62q-9.24 0-16.93 7.69-7.69 7.69-7.69 16.93v119.99Zm0 0V-720-575.39ZM658.92-100 549.23-208.92l28.31-28.31 81.15 81.15L821-318.38l28.31 28.53L658.92-100Z\"><\/path><\/svg>\t\t\t<\/span>\n\t\t\t\t\t\t\t\t\t<span class=\"elementor-button-text\">Book<\/span>\n\t\t\t\t\t<\/span>\n\t\t\t\t\t<\/a>\n\t\t\t\t\t\t\t\t<\/div>\n\t\t\t\t<\/div>\n\t\t\t\t<\/div>\n\t\t\t\t<\/div>\n\t\t\t\t\t<\/div>\n\t\t\t\t<\/div>\n\t\t\t\t<\/div>\n\t\t<\/div>\n\t\t\t\t\t\t<\/div>\n\t\t\t\t\t<\/div>\n\t\t\t\t<\/div>\n\t\t\t\t<\/div>\n\t\t","protected":false},"excerpt":{"rendered":"<p>Ziryab The deaf at Ziryab The presence of a high number of deaf staff at Ziryab and this level of [&hellip;]<\/p>\n","protected":false},"author":1,"featured_media":0,"parent":0,"menu_order":0,"comment_status":"closed","ping_status":"closed","template":"","meta":{"_monsterinsights_skip_tracking":false,"_monsterinsights_sitenote_active":false,"_monsterinsights_sitenote_note":"","_monsterinsights_sitenote_category":0,"site-sidebar-layout":"no-sidebar","site-content-layout":"","ast-site-content-layout":"full-width-container","site-content-style":"default","site-sidebar-style":"default","ast-global-header-display":"","ast-banner-title-visibility":"","ast-main-header-display":"","ast-hfb-above-header-display":"","ast-hfb-below-header-display":"","ast-hfb-mobile-header-display":"","site-post-title":"disabled","ast-breadcrumbs-content":"","ast-featured-img":"disabled","footer-sml-layout":"","ast-disable-related-posts":"","theme-transparent-header-meta":"","adv-header-id-meta":"","stick-header-meta":"","header-above-stick-meta":"","header-main-stick-meta":"","header-below-stick-meta":"","astra-migrate-meta-layouts":"default","ast-page-background-enabled":"default","ast-page-background-meta":{"desktop":{"background-color":"var(--ast-global-color-5)","background-image":"","background-repeat":"repeat","background-position":"center center","background-size":"auto","background-attachment":"scroll","background-type":"","background-media":"","overlay-type":"","overlay-color":"","overlay-opacity":"","overlay-gradient":""},"tablet":{"background-color":"","background-image":"","background-repeat":"repeat","background-position":"center center","background-size":"auto","background-attachment":"scroll","background-type":"","background-media":"","overlay-type":"","overlay-color":"","overlay-opacity":"","overlay-gradient":""},"mobile":{"background-color":"","background-image":"","background-repeat":"repeat","background-position":"center center","background-size":"auto","background-attachment":"scroll","background-type":"","background-media":"","overlay-type":"","overlay-color":"","overlay-opacity":"","overlay-gradient":""}},"ast-content-background-meta":{"desktop":{"background-color":"var(--ast-global-color-4)","background-image":"","background-repeat":"repeat","background-position":"center center","background-size":"auto","background-attachment":"scroll","background-type":"","background-media":"","overlay-type":"","overlay-color":"","overlay-opacity":"","overlay-gradient":""},"tablet":{"background-color":"var(--ast-global-color-4)","background-image":"","background-repeat":"repeat","background-position":"center center","background-size":"auto","background-attachment":"scroll","background-type":"","background-media":"","overlay-type":"","overlay-color":"","overlay-opacity":"","overlay-gradient":""},"mobile":{"background-color":"var(--ast-global-color-4)","background-image":"","background-repeat":"repeat","background-position":"center center","background-size":"auto","background-attachment":"scroll","background-type":"","background-media":"","overlay-type":"","overlay-color":"","overlay-opacity":"","overlay-gradient":""}},"footnotes":""},"class_list":["post-12511","page","type-page","status-publish","hentry"],"yoast_head":"<!-- This site is optimized with the Yoast SEO plugin v27.6 - https:\/\/yoast.com\/product\/yoast-seo-wordpress\/ -->\n<title>The deaf at Ziryab - Ziryab Taverna &amp; Lounge<\/title>\n<meta name=\"robots\" content=\"index, follow, max-snippet:-1, max-image-preview:large, max-video-preview:-1\" \/>\n<link rel=\"canonical\" href=\"https:\/\/ziryab.es\/en\/the-deaf-at-ziryab\/\" \/>\n<meta property=\"og:locale\" content=\"en_US\" \/>\n<meta property=\"og:type\" content=\"article\" \/>\n<meta property=\"og:title\" content=\"The deaf at Ziryab - Ziryab Taverna &amp; Lounge\" \/>\n<meta property=\"og:description\" content=\"Ziryab The deaf at Ziryab The presence of a high number of deaf staff at Ziryab and this level of [&hellip;]\" \/>\n<meta property=\"og:url\" content=\"https:\/\/ziryab.es\/en\/the-deaf-at-ziryab\/\" \/>\n<meta property=\"og:site_name\" content=\"Ziryab Taverna &amp; Lounge\" \/>\n<meta property=\"article:modified_time\" content=\"2026-01-15T16:21:03+00:00\" \/>\n<meta name=\"twitter:card\" content=\"summary_large_image\" \/>\n<meta name=\"twitter:label1\" content=\"Est. reading time\" \/>\n\t<meta name=\"twitter:data1\" content=\"2 minutes\" \/>\n<script type=\"application\/ld+json\" class=\"yoast-schema-graph\">{\"@context\":\"https:\\\/\\\/schema.org\",\"@graph\":[{\"@type\":\"WebPage\",\"@id\":\"https:\\\/\\\/ziryab.es\\\/en\\\/the-deaf-at-ziryab\\\/\",\"url\":\"https:\\\/\\\/ziryab.es\\\/en\\\/the-deaf-at-ziryab\\\/\",\"name\":\"The deaf at Ziryab - Ziryab Taverna &amp; Lounge\",\"isPartOf\":{\"@id\":\"https:\\\/\\\/ziryab.es\\\/en\\\/#website\"},\"datePublished\":\"2025-10-30T16:11:15+00:00\",\"dateModified\":\"2026-01-15T16:21:03+00:00\",\"breadcrumb\":{\"@id\":\"https:\\\/\\\/ziryab.es\\\/en\\\/the-deaf-at-ziryab\\\/#breadcrumb\"},\"inLanguage\":\"en-US\",\"potentialAction\":[{\"@type\":\"ReadAction\",\"target\":[\"https:\\\/\\\/ziryab.es\\\/en\\\/the-deaf-at-ziryab\\\/\"]}]},{\"@type\":\"BreadcrumbList\",\"@id\":\"https:\\\/\\\/ziryab.es\\\/en\\\/the-deaf-at-ziryab\\\/#breadcrumb\",\"itemListElement\":[{\"@type\":\"ListItem\",\"position\":1,\"name\":\"Portada\",\"item\":\"https:\\\/\\\/ziryab.es\\\/en\\\/\"},{\"@type\":\"ListItem\",\"position\":2,\"name\":\"The deaf at Ziryab\"}]},{\"@type\":\"WebSite\",\"@id\":\"https:\\\/\\\/ziryab.es\\\/en\\\/#website\",\"url\":\"https:\\\/\\\/ziryab.es\\\/en\\\/\",\"name\":\"Ziryab Taverna &amp; Lounge\",\"description\":\"Un gran restaurante de tapas en Barcelona por Ziryab. Un delicioso men\u00fa y una excelente selecci\u00f3n de vinos, tambi\u00e9n tenemos un bar de la cachimbas y c\u00f3cteles. P\u00f3ngase en contacto con nosotros para reservar.\",\"potentialAction\":[{\"@type\":\"SearchAction\",\"target\":{\"@type\":\"EntryPoint\",\"urlTemplate\":\"https:\\\/\\\/ziryab.es\\\/en\\\/?s={search_term_string}\"},\"query-input\":{\"@type\":\"PropertyValueSpecification\",\"valueRequired\":true,\"valueName\":\"search_term_string\"}}],\"inLanguage\":\"en-US\"}]}<\/script>\n<!-- \/ Yoast SEO plugin. -->","yoast_head_json":{"title":"The deaf at Ziryab - Ziryab Taverna &amp; Lounge","robots":{"index":"index","follow":"follow","max-snippet":"max-snippet:-1","max-image-preview":"max-image-preview:large","max-video-preview":"max-video-preview:-1"},"canonical":"https:\/\/ziryab.es\/en\/the-deaf-at-ziryab\/","og_locale":"en_US","og_type":"article","og_title":"The deaf at Ziryab - Ziryab Taverna &amp; Lounge","og_description":"Ziryab The deaf at Ziryab The presence of a high number of deaf staff at Ziryab and this level of [&hellip;]","og_url":"https:\/\/ziryab.es\/en\/the-deaf-at-ziryab\/","og_site_name":"Ziryab Taverna &amp; Lounge","article_modified_time":"2026-01-15T16:21:03+00:00","twitter_card":"summary_large_image","twitter_misc":{"Est. reading time":"2 minutes"},"schema":{"@context":"https:\/\/schema.org","@graph":[{"@type":"WebPage","@id":"https:\/\/ziryab.es\/en\/the-deaf-at-ziryab\/","url":"https:\/\/ziryab.es\/en\/the-deaf-at-ziryab\/","name":"The deaf at Ziryab - Ziryab Taverna &amp; Lounge","isPartOf":{"@id":"https:\/\/ziryab.es\/en\/#website"},"datePublished":"2025-10-30T16:11:15+00:00","dateModified":"2026-01-15T16:21:03+00:00","breadcrumb":{"@id":"https:\/\/ziryab.es\/en\/the-deaf-at-ziryab\/#breadcrumb"},"inLanguage":"en-US","potentialAction":[{"@type":"ReadAction","target":["https:\/\/ziryab.es\/en\/the-deaf-at-ziryab\/"]}]},{"@type":"BreadcrumbList","@id":"https:\/\/ziryab.es\/en\/the-deaf-at-ziryab\/#breadcrumb","itemListElement":[{"@type":"ListItem","position":1,"name":"Portada","item":"https:\/\/ziryab.es\/en\/"},{"@type":"ListItem","position":2,"name":"The deaf at Ziryab"}]},{"@type":"WebSite","@id":"https:\/\/ziryab.es\/en\/#website","url":"https:\/\/ziryab.es\/en\/","name":"Ziryab Taverna &amp; Lounge","description":"Un gran restaurante de tapas en Barcelona por Ziryab. Un delicioso men\u00fa y una excelente selecci\u00f3n de vinos, tambi\u00e9n tenemos un bar de la cachimbas y c\u00f3cteles. P\u00f3ngase en contacto con nosotros para reservar.","potentialAction":[{"@type":"SearchAction","target":{"@type":"EntryPoint","urlTemplate":"https:\/\/ziryab.es\/en\/?s={search_term_string}"},"query-input":{"@type":"PropertyValueSpecification","valueRequired":true,"valueName":"search_term_string"}}],"inLanguage":"en-US"}]}},"_links":{"self":[{"href":"https:\/\/ziryab.es\/en\/wp-json\/wp\/v2\/pages\/12511","targetHints":{"allow":["GET"]}}],"collection":[{"href":"https:\/\/ziryab.es\/en\/wp-json\/wp\/v2\/pages"}],"about":[{"href":"https:\/\/ziryab.es\/en\/wp-json\/wp\/v2\/types\/page"}],"author":[{"embeddable":true,"href":"https:\/\/ziryab.es\/en\/wp-json\/wp\/v2\/users\/1"}],"replies":[{"embeddable":true,"href":"https:\/\/ziryab.es\/en\/wp-json\/wp\/v2\/comments?post=12511"}],"version-history":[{"count":27,"href":"https:\/\/ziryab.es\/en\/wp-json\/wp\/v2\/pages\/12511\/revisions"}],"predecessor-version":[{"id":14688,"href":"https:\/\/ziryab.es\/en\/wp-json\/wp\/v2\/pages\/12511\/revisions\/14688"}],"wp:attachment":[{"href":"https:\/\/ziryab.es\/en\/wp-json\/wp\/v2\/media?parent=12511"}],"curies":[{"name":"wp","href":"https:\/\/api.w.org\/{rel}","templated":true}]}}